{"id":619,"date":"2025-08-12T12:01:03","date_gmt":"2025-08-12T09:01:03","guid":{"rendered":"https:\/\/schnabelmachine.com\/?page_id=619"},"modified":"2025-08-26T09:20:22","modified_gmt":"2025-08-26T06:20:22","slug":"kariyer-2","status":"publish","type":"page","link":"https:\/\/schnabelmachine.com\/index.php\/kariyer-2\/","title":{"rendered":"Kariyer"},"content":{"rendered":"\t\t<div data-elementor-type=\"wp-page\" data-elementor-id=\"619\" class=\"elementor elementor-619\" data-elementor-post-type=\"page\">\n\t\t\t\t<div data-particle_enable=\"false\" data-particle-mobile-disabled=\"false\" class=\"elementor-element elementor-element-655956ec e-con-full e-flex e-con e-parent\" data-id=\"655956ec\" data-element_type=\"container\">\n\t\t<div data-particle_enable=\"false\" data-particle-mobile-disabled=\"false\" class=\"elementor-element elementor-element-1308451e e-con-full e-flex e-con e-child\" data-id=\"1308451e\" data-element_type=\"container\">\n\t\t<div data-particle_enable=\"false\" data-particle-mobile-disabled=\"false\" class=\"elementor-element elementor-element-248cd0a8 e-con-full e-flex e-con e-child\" data-id=\"248cd0a8\" data-element_type=\"container\">\n\t\t<div data-particle_enable=\"false\" data-particle-mobile-disabled=\"false\" class=\"elementor-element elementor-element-54f07412 e-con-full e-flex e-con e-child\" data-id=\"54f07412\" data-element_type=\"container\" data-settings=\"{&quot;background_background&quot;:&quot;classic&quot;}\">\n\t\t\t\t<div class=\"elementor-element elementor-element-3dc79620 elementor-widget elementor-widget-heading\" data-id=\"3dc79620\" data-element_type=\"widget\" data-widget_type=\"heading.default\">\n\t\t\t\t\t<h6 class=\"elementor-heading-title elementor-size-default\"><h2 data-start=\"1380\" data-end=\"1401\"><strong data-start=\"1383\" data-end=\"1401\">Ba\u015fvuru S\u00fcreci<\/strong><span style=\"font-family: Roboto, sans-serif;font-size: 17.6973px\"><\/span><\/h2><\/h6>\t\t\t\t<\/div>\n\t\t\t\t<div class=\"elementor-element elementor-element-a612425 elementor-widget elementor-widget-text-editor\" data-id=\"a612425\" data-element_type=\"widget\" data-widget_type=\"text-editor.default\">\n\t\t\t\t\t\t\t\t\t<ol><li data-pm-slice=\"0 0 []\">CV\u2019nizi <span style=\"color: #ff6600;\"><strong>kariyer@schnabelmachine.com<\/strong><\/span> adresine g\u00f6nderin.<\/li><li>\u00d6n de\u011ferlendirme sonras\u0131 m\u00fclakat daveti al\u0131n.<\/li><li>Teknik ve ki\u015fisel yetkinlik g\u00f6r\u00fc\u015fmeleri.<\/li><li>Teklif ve i\u015fe ba\u015flama s\u00fcreci.<\/li><\/ol>\t\t\t\t\t\t\t\t<\/div>\n\t\t\t\t<\/div>\n\t\t<div data-particle_enable=\"false\" data-particle-mobile-disabled=\"false\" class=\"elementor-element elementor-element-dd1ba4f e-con-full e-flex e-con e-child\" data-id=\"dd1ba4f\" data-element_type=\"container\" data-settings=\"{&quot;background_background&quot;:&quot;classic&quot;}\">\n\t\t\t\t<div class=\"elementor-element elementor-element-1b3597af elementor-widget__width-auto elementor-view-stacked elementor-shape-circle elementor-widget elementor-widget-icon\" data-id=\"1b3597af\" data-element_type=\"widget\" data-widget_type=\"icon.default\">\n\t\t\t\t\t\t\t<div class=\"elementor-icon-wrapper\">\n\t\t\t<div class=\"elementor-icon\">\n\t\t\t<svg aria-hidden=\"true\" class=\"e-font-icon-svg e-fas-file-invoice\" viewBox=\"0 0 384 512\" xmlns=\"http:\/\/www.w3.org\/2000\/svg\"><path d=\"M288 256H96v64h192v-64zm89-151L279.1 7c-4.5-4.5-10.6-7-17-7H256v128h128v-6.1c0-6.3-2.5-12.4-7-16.9zm-153 31V0H24C10.7 0 0 10.7 0 24v464c0 13.3 10.7 24 24 24h336c13.3 0 24-10.7 24-24V160H248c-13.2 0-24-10.8-24-24zM64 72c0-4.42 3.58-8 8-8h80c4.42 0 8 3.58 8 8v16c0 4.42-3.58 8-8 8H72c-4.42 0-8-3.58-8-8V72zm0 64c0-4.42 3.58-8 8-8h80c4.42 0 8 3.58 8 8v16c0 4.42-3.58 8-8 8H72c-4.42 0-8-3.58-8-8v-16zm256 304c0 4.42-3.58 8-8 8h-80c-4.42 0-8-3.58-8-8v-16c0-4.42 3.58-8 8-8h80c4.42 0 8 3.58 8 8v16zm0-200v96c0 8.84-7.16 16-16 16H80c-8.84 0-16-7.16-16-16v-96c0-8.84 7.16-16 16-16h224c8.84 0 16 7.16 16 16z\"><\/path><\/svg>\t\t\t<\/div>\n\t\t<\/div>\n\t\t\t\t\t\t<\/div>\n\t\t\t\t<div class=\"elementor-element elementor-element-263479d8 elementor-widget elementor-widget-text-editor\" data-id=\"263479d8\" data-element_type=\"widget\" data-widget_type=\"text-editor.default\">\n\t\t\t\t\t\t\t\t\t<p>Bizimle \u00e7al\u0131\u015fmak ister misiniz? CV&#8217;nizi g\u00f6nderebilirsiniz. <strong data-start=\"1413\" data-end=\"1437\"><a class=\"cursor-pointer\" rel=\"noopener\" data-start=\"1415\" data-end=\"1435\">kariyer@schnabelmachine.com<\/a><\/strong><\/p>\t\t\t\t\t\t\t\t<\/div>\n\t\t\t\t<div class=\"elementor-element elementor-element-399d5273 elementor-align-center elementor-mobile-align-center elementor-tablet-align-center elementor-widget elementor-widget-button\" data-id=\"399d5273\" data-element_type=\"widget\" data-widget_type=\"button.default\">\n\t\t\t\t\t\t\t\t\t\t<a class=\"elementor-button elementor-button-link elementor-size-sm\" href=\"https:\/\/schnabelmachine.com\/index.php\/franchise\/\">\n\t\t\t\t\t\t<span class=\"elementor-button-content-wrapper\">\n\t\t\t\t\t\t\t\t\t<span class=\"elementor-button-text\">B\u0130ZE ULA\u015eIN<\/span>\n\t\t\t\t\t<\/span>\n\t\t\t\t\t<\/a>\n\t\t\t\t\t\t\t\t<\/div>\n\t\t\t\t<\/div>\n\t\t\t\t<div class=\"elementor-element elementor-element-fe64a3e elementor-widget elementor-widget-shortcode\" data-id=\"fe64a3e\" data-element_type=\"widget\" data-widget_type=\"shortcode.default\">\n\t\t\t\t\t\t\t<div class=\"elementor-shortcode\">\n<div class=\"wpcf7 no-js\" id=\"wpcf7-f1010-o1\" lang=\"tr-TR\" dir=\"ltr\" data-wpcf7-id=\"1010\">\n<div class=\"screen-reader-response\"><p role=\"status\" aria-live=\"polite\" aria-atomic=\"true\"><\/p> <ul><\/ul><\/div>\n<form action=\"\/index.php\/wp-json\/wp\/v2\/pages\/619#wpcf7-f1010-o1\" method=\"post\" class=\"wpcf7-form init\" aria-label=\"\u0130leti\u015fim Formu\" enctype=\"multipart\/form-data\" novalidate=\"novalidate\" data-status=\"init\">\n<fieldset class=\"hidden-fields-container\"><input type=\"hidden\" name=\"_wpcf7\" value=\"1010\" \/><input type=\"hidden\" name=\"_wpcf7_version\" value=\"6.1.1\" \/><input type=\"hidden\" name=\"_wpcf7_locale\" value=\"tr_TR\" \/><input type=\"hidden\" name=\"_wpcf7_unit_tag\" value=\"wpcf7-f1010-o1\" \/><input type=\"hidden\" name=\"_wpcf7_container_post\" value=\"0\" \/><input type=\"hidden\" name=\"_wpcf7_posted_data_hash\" value=\"\" \/>\n<\/fieldset>\n<h3>Ba\u015fvuru Formu\n<\/h3>\n<p><label>Ad Soyad *<br \/>\n<span class=\"wpcf7-form-control-wrap\" data-name=\"your-name\"><input size=\"40\" maxlength=\"400\" class=\"wpcf7-form-control wpcf7-text wpcf7-validates-as-required\" aria-required=\"true\" aria-invalid=\"false\" value=\"\" type=\"text\" name=\"your-name\" \/><\/span><br \/>\n<\/label><br \/>\n<label>E-posta *<br \/>\n<span class=\"wpcf7-form-control-wrap\" data-name=\"your-email\"><input size=\"40\" maxlength=\"400\" class=\"wpcf7-form-control wpcf7-email wpcf7-validates-as-required wpcf7-text wpcf7-validates-as-email\" aria-required=\"true\" aria-invalid=\"false\" value=\"\" type=\"email\" name=\"your-email\" \/><\/span><br \/>\n<\/label><br \/>\n<label>Telefon *<br \/>\n<span class=\"wpcf7-form-control-wrap\" data-name=\"tel-1\"><input size=\"40\" maxlength=\"11\" minlength=\"11\" class=\"wpcf7-form-control wpcf7-tel wpcf7-validates-as-required wpcf7-text wpcf7-validates-as-tel\" autocomplete=\"tel\" aria-required=\"true\" aria-invalid=\"false\" placeholder=\"Ba\u015f\u0131na 0 ekleyerek telefon numaran\u0131z\u0131 yaz\u0131n\u0131z\" value=\"\" type=\"tel\" name=\"tel-1\" \/><\/span><br \/>\n<\/label><br \/>\n<label>Pozisyon *<br \/>\n<span class=\"wpcf7-form-control-wrap\" data-name=\"text-489\"><input size=\"40\" maxlength=\"400\" class=\"wpcf7-form-control wpcf7-text wpcf7-validates-as-required\" aria-required=\"true\" aria-invalid=\"false\" placeholder=\"Ba\u015fvurmak istedi\u011finiz pozisyonu yaz\u0131n\u0131z\" value=\"\" type=\"text\" name=\"text-489\" \/><\/span><br \/>\n<\/label><br \/>\n<label class=\"file-upload\"><br \/>\n\u00d6zge\u00e7mi\u015f (CV) Y\u00fckle *<br \/>\n<span class=\"wpcf7-form-control-wrap\" data-name=\"cv\"><input size=\"40\" class=\"wpcf7-form-control wpcf7-file wpcf7-validates-as-required\" id=\"cv-upload\" accept=\".pdf,.doc,.docx,.jpg,.png\" aria-required=\"true\" aria-invalid=\"false\" type=\"file\" name=\"cv\" \/><\/span><br \/>\n<span id=\"cv-filename\" class=\"file-name\">\ud83d\udcc4 Kabul edilen: PDF, DOC, DOCX, JPG, PNG \u2014 Max: 10 MB<\/span><br \/>\n<span id=\"cv-status\" class=\"file-status\" style=\"display:none;\">\u2705<\/span><br \/>\n<span id=\"cv-clear\" class=\"file-clear\" style=\"display:none;\">\u2716<\/span><br \/>\n<\/label>\n<\/p>\n<div id=\"cv-error\" class=\"file-error\" style=\"display:none;\">\n<\/div>\n<p><label class=\"file-upload\"><br \/>\nEk Dosya (Opsiyonel)<br \/>\n<span class=\"wpcf7-form-control-wrap\" data-name=\"attachment\"><input size=\"40\" class=\"wpcf7-form-control wpcf7-file\" id=\"attachment-upload\" accept=\".pdf,.jpg,.png\" aria-invalid=\"false\" type=\"file\" name=\"attachment\" \/><\/span><br \/>\n<span id=\"attachment-filename\" class=\"file-name\">\ud83d\udcce Kabul edilen: PDF, JPG, PNG \u2014 Max: 10 MB<\/span><br \/>\n<span id=\"attachment-status\" class=\"file-status\" style=\"display:none;\">\u2705<\/span><br \/>\n<span id=\"attachment-clear\" class=\"file-clear\" style=\"display:none;\">\u2716<\/span><br \/>\n<\/label>\n<\/p>\n<div id=\"attachment-error\" class=\"file-error\" style=\"display:none;\">\n<\/div>\n<p><span class=\"wpcf7-form-control-wrap\" data-name=\"checkbox-749\"><span class=\"wpcf7-form-control wpcf7-checkbox wpcf7-validates-as-required\"><span class=\"wpcf7-list-item first last\"><label><input type=\"checkbox\" name=\"checkbox-749[]\" value=\"KVKK ve gizlilik metnini okudum, onayl\u0131yorum.\" \/><span class=\"wpcf7-list-item-label\">KVKK ve gizlilik metnini okudum, onayl\u0131yorum.<\/span><\/label><\/span><\/span><\/span>\n<\/p>\n<p><input class=\"wpcf7-form-control wpcf7-submit has-spinner\" type=\"submit\" value=\"Ba\u015fvuruyu G\u00f6nder\" \/>\n<\/p><div class=\"wpcf7-response-output\" aria-hidden=\"true\"><\/div>\n<\/form>\n<\/div>\n<\/div>\n\t\t\t\t\t\t<\/div>\n\t\t\t\t<\/div>\n\t\t<div data-particle_enable=\"false\" data-particle-mobile-disabled=\"false\" class=\"elementor-element elementor-element-6223973f e-con-full e-flex e-con e-child\" data-id=\"6223973f\" data-element_type=\"container\">\n\t\t<div data-particle_enable=\"false\" data-particle-mobile-disabled=\"false\" class=\"elementor-element elementor-element-4e686bec e-flex e-con-boxed e-con e-child\" data-id=\"4e686bec\" data-element_type=\"container\">\n\t\t\t\t\t<div class=\"e-con-inner\">\n\t\t<div data-particle_enable=\"false\" data-particle-mobile-disabled=\"false\" class=\"elementor-element elementor-element-4c617f18 e-flex e-con-boxed e-con e-child\" data-id=\"4c617f18\" data-element_type=\"container\" data-settings=\"{&quot;background_background&quot;:&quot;classic&quot;}\">\n\t\t\t\t\t<div class=\"e-con-inner\">\n\t\t<div data-particle_enable=\"false\" data-particle-mobile-disabled=\"false\" class=\"elementor-element elementor-element-67620124 e-flex e-con-boxed e-con e-child\" data-id=\"67620124\" data-element_type=\"container\">\n\t\t\t\t\t<div class=\"e-con-inner\">\n\t\t\t\t<div class=\"elementor-element elementor-element-640cac5e elementor-widget elementor-widget-heading\" data-id=\"640cac5e\" data-element_type=\"widget\" data-widget_type=\"heading.default\">\n\t\t\t\t\t<h6 class=\"elementor-heading-title elementor-size-default\">Ba\u015fl\u0131k<\/h6>\t\t\t\t<\/div>\n\t\t\t\t<div class=\"elementor-element elementor-element-5bae891e elementor-widget elementor-widget-heading\" data-id=\"5bae891e\" data-element_type=\"widget\" data-widget_type=\"heading.default\">\n\t\t\t\t\t<h6 class=\"elementor-heading-title elementor-size-default\">M\u00fchendis<\/h6>\t\t\t\t<\/div>\n\t\t\t\t\t<\/div>\n\t\t\t\t<\/div>\n\t\t<div data-particle_enable=\"false\" data-particle-mobile-disabled=\"false\" class=\"elementor-element elementor-element-67ed20e4 e-flex e-con-boxed e-con e-child\" data-id=\"67ed20e4\" data-element_type=\"container\">\n\t\t\t\t\t<div class=\"e-con-inner\">\n\t\t\t\t<div class=\"elementor-element elementor-element-797608c9 elementor-widget elementor-widget-heading\" data-id=\"797608c9\" data-element_type=\"widget\" data-widget_type=\"heading.default\">\n\t\t\t\t\t<h6 class=\"elementor-heading-title elementor-size-default\">\u00c7al\u0131\u015fma:<\/h6>\t\t\t\t<\/div>\n\t\t\t\t<div class=\"elementor-element elementor-element-67177380 elementor-widget elementor-widget-heading\" data-id=\"67177380\" data-element_type=\"widget\" data-widget_type=\"heading.default\">\n\t\t\t\t\t<h6 class=\"elementor-heading-title elementor-size-default\">Tam Zamanl\u0131<\/h6>\t\t\t\t<\/div>\n\t\t\t\t\t<\/div>\n\t\t\t\t<\/div>\n\t\t\t\t\t<\/div>\n\t\t\t\t<\/div>\n\t\t\t\t<div class=\"elementor-element elementor-element-21b827c8 elementor-widget elementor-widget-image\" data-id=\"21b827c8\" data-element_type=\"widget\" data-widget_type=\"image.default\">\n\t\t\t\t\t\t\t\t\t\t\t\t\t\t\t<img fetchpriority=\"high\" decoding=\"async\" width=\"1024\" height=\"683\" src=\"https:\/\/schnabelmachine.com\/wp-content\/uploads\/2025\/08\/blog-1-1024x683.jpg\" class=\"attachment-large size-large wp-image-622\" alt=\"\" srcset=\"https:\/\/schnabelmachine.com\/wp-content\/uploads\/2025\/08\/blog-1-1024x683.jpg 1024w, https:\/\/schnabelmachine.com\/wp-content\/uploads\/2025\/08\/blog-1-300x200.jpg 300w, https:\/\/schnabelmachine.com\/wp-content\/uploads\/2025\/08\/blog-1-768x512.jpg 768w, https:\/\/schnabelmachine.com\/wp-content\/uploads\/2025\/08\/blog-1.jpg 1200w\" sizes=\"(max-width: 1024px) 100vw, 1024px\" \/>\t\t\t\t\t\t\t\t\t\t\t\t\t\t\t<\/div>\n\t\t\t\t\t<\/div>\n\t\t\t\t<\/div>\n\t\t\t\t<div class=\"elementor-element elementor-element-5e62fedb elementor-tabs-alignment-stretch elementor-tabs-view-horizontal elementor-widget elementor-widget-tabs\" data-id=\"5e62fedb\" data-element_type=\"widget\" data-widget_type=\"tabs.default\">\n\t\t\t\t\t\t\t<div class=\"elementor-tabs\">\n\t\t\t<div class=\"elementor-tabs-wrapper\" role=\"tablist\" >\n\t\t\t\t\t\t\t\t\t<div id=\"elementor-tab-title-1581\" class=\"elementor-tab-title elementor-tab-desktop-title\" aria-selected=\"true\" data-tab=\"1\" role=\"tab\" tabindex=\"0\" aria-controls=\"elementor-tab-content-1581\" aria-expanded=\"false\">\u0130\u015f A\u00e7\u0131klamas\u0131<\/div>\n\t\t\t\t\t\t\t\t\t<div id=\"elementor-tab-title-1582\" class=\"elementor-tab-title elementor-tab-desktop-title\" aria-selected=\"false\" data-tab=\"2\" role=\"tab\" tabindex=\"-1\" aria-controls=\"elementor-tab-content-1582\" aria-expanded=\"false\">Deneyim & Genel Bak\u0131\u015f<\/div>\n\t\t\t\t\t\t\t\t\t<div id=\"elementor-tab-title-1583\" class=\"elementor-tab-title elementor-tab-desktop-title\" aria-selected=\"false\" data-tab=\"3\" role=\"tab\" tabindex=\"-1\" aria-controls=\"elementor-tab-content-1583\" aria-expanded=\"false\">Gereklilikler<\/div>\n\t\t\t\t\t\t\t<\/div>\n\t\t\t<div class=\"elementor-tabs-content-wrapper\" role=\"tablist\" aria-orientation=\"vertical\">\n\t\t\t\t\t\t\t\t\t<div class=\"elementor-tab-title elementor-tab-mobile-title\" aria-selected=\"true\" data-tab=\"1\" role=\"tab\" tabindex=\"0\" aria-controls=\"elementor-tab-content-1581\" aria-expanded=\"false\">\u0130\u015f A\u00e7\u0131klamas\u0131<\/div>\n\t\t\t\t\t<div id=\"elementor-tab-content-1581\" class=\"elementor-tab-content elementor-clearfix\" data-tab=\"1\" role=\"tabpanel\" aria-labelledby=\"elementor-tab-title-1581\" tabindex=\"0\" hidden=\"false\"><h2 data-start=\"204\" data-end=\"224\"><strong data-start=\"207\" data-end=\"224\">\u0130\u015f A\u00e7\u0131klamas\u0131<\/strong><\/h2><p data-start=\"225\" data-end=\"523\">Schnabel\u2019de Mekanik Tasar\u0131m M\u00fchendisi, vakumlu kahve ta\u015f\u0131ma sistemlerinin tasar\u0131m\u0131, \u00fcretimi, kurulumu veya sat\u0131\u015f s\u00fcre\u00e7lerinde aktif rol al\u0131r.<br data-start=\"355\" data-end=\"358\" \/>G\u00f6revler, projenin ba\u015flang\u0131c\u0131ndan teslimat\u0131na kadar t\u00fcm a\u015famalar\u0131 kapsar ve \u015firketin kalite, g\u00fcvenlik ve m\u00fc\u015fteri memnuniyeti standartlar\u0131na uygun olarak y\u00fcr\u00fct\u00fcl\u00fcr.<\/p><p data-start=\"525\" data-end=\"549\"><strong data-start=\"525\" data-end=\"547\">Ana Sorumluluklar:<\/strong><\/p><ul data-start=\"550\" data-end=\"875\"><li data-start=\"550\" data-end=\"616\"><p data-start=\"552\" data-end=\"616\">M\u00fc\u015fteri ihtiya\u00e7lar\u0131n\u0131 analiz ederek uygun \u00e7\u00f6z\u00fcmler geli\u015ftirmek<\/p><\/li><li data-start=\"617\" data-end=\"682\"><p data-start=\"619\" data-end=\"682\">Proje planlama, s\u00fcre\u00e7 y\u00f6netimi ve zaman\u0131nda teslimat sa\u011flamak<\/p><\/li><li data-start=\"683\" data-end=\"728\"><p data-start=\"685\" data-end=\"728\">Teknik dok\u00fcman ve raporlar\u0131n haz\u0131rlanmas\u0131<\/p><\/li><li data-start=\"729\" data-end=\"805\"><p data-start=\"731\" data-end=\"805\">\u00dcr\u00fcn testleri, kalite kontrolleri ve teknik iyile\u015ftirme \u00f6nerileri sunmak<\/p><\/li><li data-start=\"806\" data-end=\"875\"><p data-start=\"808\" data-end=\"875\">Gerekli durumlarda saha \u00e7al\u0131\u015fmalar\u0131 ve m\u00fc\u015fteri ziyaretleri yapmak<\/p><\/li><\/ul><\/div>\n\t\t\t\t\t\t\t\t\t<div class=\"elementor-tab-title elementor-tab-mobile-title\" aria-selected=\"false\" data-tab=\"2\" role=\"tab\" tabindex=\"-1\" aria-controls=\"elementor-tab-content-1582\" aria-expanded=\"false\">Deneyim & Genel Bak\u0131\u015f<\/div>\n\t\t\t\t\t<div id=\"elementor-tab-content-1582\" class=\"elementor-tab-content elementor-clearfix\" data-tab=\"2\" role=\"tabpanel\" aria-labelledby=\"elementor-tab-title-1582\" tabindex=\"0\" hidden=\"hidden\"><h2 data-start=\"882\" data-end=\"910\"><strong data-start=\"885\" data-end=\"910\">Deneyim &amp; Genel Bak\u0131\u015f<\/strong><\/h2><ul data-start=\"911\" data-end=\"1270\"><li data-start=\"911\" data-end=\"994\"><p data-start=\"913\" data-end=\"994\">Kahve, g\u0131da i\u015fleme veya end\u00fcstriyel ekipman sekt\u00f6r\u00fcnde deneyim tercih sebebidir<\/p><\/li><li data-start=\"995\" data-end=\"1066\"><p data-start=\"997\" data-end=\"1066\">Proje y\u00f6netimi, teknik analiz ve raporlama konular\u0131nda bilgi sahibi<\/p><\/li><li data-start=\"1067\" data-end=\"1132\"><p data-start=\"1069\" data-end=\"1132\">Uluslararas\u0131 \u00e7al\u0131\u015fma ortam\u0131na uyum sa\u011flayabilecek yetkinlikte<\/p><\/li><li data-start=\"1133\" data-end=\"1198\"><p data-start=\"1135\" data-end=\"1198\">M\u00fc\u015fteri odakl\u0131, \u00e7\u00f6z\u00fcm \u00fcretebilen ve ileti\u015fim becerileri g\u00fc\u00e7l\u00fc<\/p><\/li><li data-start=\"1199\" data-end=\"1270\"><p data-start=\"1201\" data-end=\"1270\">Tak\u0131m \u00e7al\u0131\u015fmas\u0131na yatk\u0131n, gerekti\u011finde ba\u011f\u0131ms\u0131z inisiyatif alabilen<\/p><\/li><\/ul><\/div>\n\t\t\t\t\t\t\t\t\t<div class=\"elementor-tab-title elementor-tab-mobile-title\" aria-selected=\"false\" data-tab=\"3\" role=\"tab\" tabindex=\"-1\" aria-controls=\"elementor-tab-content-1583\" aria-expanded=\"false\">Gereklilikler<\/div>\n\t\t\t\t\t<div id=\"elementor-tab-content-1583\" class=\"elementor-tab-content elementor-clearfix\" data-tab=\"3\" role=\"tabpanel\" aria-labelledby=\"elementor-tab-title-1583\" tabindex=\"0\" hidden=\"hidden\"><h2 data-start=\"1277\" data-end=\"1297\"><strong data-start=\"1280\" data-end=\"1297\">Gereklilikler<\/strong><\/h2><ul data-start=\"1298\" data-end=\"1680\"><li data-start=\"1298\" data-end=\"1364\"><p data-start=\"1300\" data-end=\"1364\">\u0130lgili m\u00fchendislik, teknik e\u011fitim veya e\u015fde\u011fer mesleki deneyim<\/p><\/li><li data-start=\"1365\" data-end=\"1457\"><p data-start=\"1367\" data-end=\"1457\">Tercihen <strong data-start=\"1376\" data-end=\"1395\">CAD yaz\u0131l\u0131mlar\u0131<\/strong> (SolidWorks, AutoCAD vb.) veya proje takip ara\u00e7lar\u0131 bilgisi<\/p><\/li><li data-start=\"1458\" data-end=\"1513\"><p data-start=\"1460\" data-end=\"1513\">MS Office ve temel dijital i\u015f ara\u00e7lar\u0131nda yetkinlik<\/p><\/li><li data-start=\"1514\" data-end=\"1543\"><p data-start=\"1516\" data-end=\"1543\">Seyahat engeli bulunmamak<\/p><\/li><li data-start=\"1544\" data-end=\"1616\"><p data-start=\"1546\" data-end=\"1616\">Erkek adaylar i\u00e7in askerlik g\u00f6revini tamamlam\u0131\u015f olmak (T\u00fcrkiye i\u00e7in)<\/p><\/li><li data-start=\"1617\" data-end=\"1680\"><p data-start=\"1619\" data-end=\"1680\">\u0130yi derecede T\u00fcrk\u00e7e ve tercihen \u0130ngilizce ileti\u015fim becerisi<\/p><\/li><\/ul><\/div>\n\t\t\t\t\t\t\t<\/div>\n\t\t<\/div>\n\t\t\t\t\t\t<\/div>\n\t\t\t\t<\/div>\n\t\t\t\t<\/div>\n\t\t\t\t<\/div>\n\t\t\t\t<\/div>\n\t\t","protected":false},"excerpt":{"rendered":"<p>Ba\u015fvuru S\u00fcreci CV\u2019nizi kariyer@schnabelmachine.com adresine g\u00f6nderin. \u00d6n de\u011ferlendirme sonras\u0131 m\u00fclakat daveti al\u0131n. Teknik ve ki\u015fisel yetkinlik g\u00f6r\u00fc\u015fmeleri. Teklif ve i\u015fe ba\u015flama s\u00fcreci. Bizimle \u00e7al\u0131\u015fmak [&hellip;]<\/p>\n","protected":false},"author":1,"featured_media":0,"parent":0,"menu_order":0,"comment_status":"closed","ping_status":"closed","template":"","meta":{"_acf_changed":false,"footnotes":""},"class_list":["post-619","page","type-page","status-publish","hentry"],"acf":{"full_width":false,"header_transparent":false,"header_white":false},"_links":{"self":[{"href":"https:\/\/schnabelmachine.com\/index.php\/wp-json\/wp\/v2\/pages\/619","targetHints":{"allow":["GET"]}}],"collection":[{"href":"https:\/\/schnabelmachine.com\/index.php\/wp-json\/wp\/v2\/pages"}],"about":[{"href":"https:\/\/schnabelmachine.com\/index.php\/wp-json\/wp\/v2\/types\/page"}],"author":[{"embeddable":true,"href":"https:\/\/schnabelmachine.com\/index.php\/wp-json\/wp\/v2\/users\/1"}],"replies":[{"embeddable":true,"href":"https:\/\/schnabelmachine.com\/index.php\/wp-json\/wp\/v2\/comments?post=619"}],"version-history":[{"count":82,"href":"https:\/\/schnabelmachine.com\/index.php\/wp-json\/wp\/v2\/pages\/619\/revisions"}],"predecessor-version":[{"id":1278,"href":"https:\/\/schnabelmachine.com\/index.php\/wp-json\/wp\/v2\/pages\/619\/revisions\/1278"}],"wp:attachment":[{"href":"https:\/\/schnabelmachine.com\/index.php\/wp-json\/wp\/v2\/media?parent=619"}],"curies":[{"name":"wp","href":"https:\/\/api.w.org\/{rel}","templated":true}]}}