{"id":574,"date":"2025-08-12T10:48:55","date_gmt":"2025-08-12T07:48:55","guid":{"rendered":"https:\/\/schnabelmachine.com\/?page_id=574"},"modified":"2025-10-20T12:59:23","modified_gmt":"2025-10-20T09:59:23","slug":"takimimiz","status":"publish","type":"page","link":"https:\/\/schnabelmachine.com\/index.php\/takimimiz\/","title":{"rendered":"Tak\u0131m\u0131m\u0131z"},"content":{"rendered":"\t\t<div data-elementor-type=\"wp-page\" data-elementor-id=\"574\" class=\"elementor elementor-574\" data-elementor-post-type=\"page\">\n\t\t\t\t<div data-particle_enable=\"false\" data-particle-mobile-disabled=\"false\" class=\"elementor-element elementor-element-7862f603 e-con-full e-flex elementor-invisible e-con e-parent\" data-id=\"7862f603\" data-element_type=\"container\" data-settings=\"{&quot;animation&quot;:&quot;fadeInDown&quot;}\">\n\t\t<div data-particle_enable=\"false\" data-particle-mobile-disabled=\"false\" class=\"elementor-element elementor-element-7f218fd0 e-con-full e-flex e-con e-child\" data-id=\"7f218fd0\" data-element_type=\"container\" data-settings=\"{&quot;background_background&quot;:&quot;classic&quot;}\">\n\t\t\t\t<div class=\"elementor-element elementor-element-315faf68 elementor-widget elementor-widget-heading\" data-id=\"315faf68\" data-element_type=\"widget\" data-widget_type=\"heading.default\">\n\t\t\t\t\t<h2 class=\"elementor-heading-title elementor-size-default\">Tak\u0131m\u0131m\u0131z<\/h2>\t\t\t\t<\/div>\n\t\t\t\t<div class=\"elementor-element elementor-element-67343e7 elementor-widget elementor-widget-heading\" data-id=\"67343e7\" data-element_type=\"widget\" data-widget_type=\"heading.default\">\n\t\t\t\t\t<h2 class=\"elementor-heading-title elementor-size-default\">Smart Engineering for a Connected Future<\/h2>\t\t\t\t<\/div>\n\t\t\t\t<\/div>\n\t\t\t\t<\/div>\n\t\t<div data-particle_enable=\"false\" data-particle-mobile-disabled=\"false\" class=\"elementor-element elementor-element-88bd367 e-con-full e-flex e-con e-parent\" data-id=\"88bd367\" data-element_type=\"container\">\n\t\t<div data-particle_enable=\"false\" data-particle-mobile-disabled=\"false\" class=\"elementor-element elementor-element-65d3ea69 e-con-full e-flex e-con e-child\" data-id=\"65d3ea69\" data-element_type=\"container\">\n\t\t<div data-particle_enable=\"false\" data-particle-mobile-disabled=\"false\" class=\"elementor-element elementor-element-5e0e56e6 e-con-full e-flex elementor-invisible e-con e-child\" data-id=\"5e0e56e6\" data-element_type=\"container\" data-settings=\"{&quot;background_background&quot;:&quot;classic&quot;,&quot;animation&quot;:&quot;fadeInLeft&quot;}\">\n\t\t\t\t<div class=\"elementor-element elementor-element-5083ee4 elementor-position-top elementor-widget elementor-widget-image-box\" data-id=\"5083ee4\" data-element_type=\"widget\" data-widget_type=\"image-box.default\">\n\t\t\t\t\t<div class=\"elementor-image-box-wrapper\"><figure class=\"elementor-image-box-img\"><img fetchpriority=\"high\" decoding=\"async\" width=\"1707\" height=\"2560\" src=\"https:\/\/schnabelmachine.com\/wp-content\/uploads\/2025\/10\/eminmimar-scaled.jpg\" class=\"attachment-full size-full wp-image-1304\" alt=\"\" srcset=\"https:\/\/schnabelmachine.com\/wp-content\/uploads\/2025\/10\/eminmimar-scaled.jpg 1707w, https:\/\/schnabelmachine.com\/wp-content\/uploads\/2025\/10\/eminmimar-200x300.jpg 200w, https:\/\/schnabelmachine.com\/wp-content\/uploads\/2025\/10\/eminmimar-683x1024.jpg 683w, https:\/\/schnabelmachine.com\/wp-content\/uploads\/2025\/10\/eminmimar-768x1152.jpg 768w, https:\/\/schnabelmachine.com\/wp-content\/uploads\/2025\/10\/eminmimar-1024x1536.jpg 1024w, https:\/\/schnabelmachine.com\/wp-content\/uploads\/2025\/10\/eminmimar-1365x2048.jpg 1365w, https:\/\/schnabelmachine.com\/wp-content\/uploads\/2025\/10\/eminmimar-179x268.jpg 179w, https:\/\/schnabelmachine.com\/wp-content\/uploads\/2025\/10\/eminmimar-1120x1680.jpg 1120w\" sizes=\"(max-width: 1707px) 100vw, 1707px\" \/><\/figure><div class=\"elementor-image-box-content\"><h3 class=\"elementor-image-box-title\">Emin Pehlivan<\/h3><p class=\"elementor-image-box-description\">Designer Coordinator<\/p><\/div><\/div>\t\t\t\t<\/div>\n\t\t\t\t<\/div>\n\t\t<div data-particle_enable=\"false\" data-particle-mobile-disabled=\"false\" class=\"elementor-element elementor-element-3c3ada7 e-con-full e-flex elementor-invisible e-con e-child\" data-id=\"3c3ada7\" data-element_type=\"container\" data-settings=\"{&quot;background_background&quot;:&quot;classic&quot;,&quot;animation&quot;:&quot;fadeIn&quot;}\">\n\t\t\t\t<div class=\"elementor-element elementor-element-6786a8ba elementor-position-top elementor-widget elementor-widget-image-box\" data-id=\"6786a8ba\" data-element_type=\"widget\" data-widget_type=\"image-box.default\">\n\t\t\t\t\t<div class=\"elementor-image-box-wrapper\"><figure class=\"elementor-image-box-img\"><img decoding=\"async\" width=\"1707\" height=\"2560\" src=\"https:\/\/schnabelmachine.com\/wp-content\/uploads\/2025\/10\/asli-scaled.jpg\" class=\"attachment-full size-full wp-image-1299\" alt=\"\" srcset=\"https:\/\/schnabelmachine.com\/wp-content\/uploads\/2025\/10\/asli-scaled.jpg 1707w, https:\/\/schnabelmachine.com\/wp-content\/uploads\/2025\/10\/asli-200x300.jpg 200w, https:\/\/schnabelmachine.com\/wp-content\/uploads\/2025\/10\/asli-683x1024.jpg 683w, https:\/\/schnabelmachine.com\/wp-content\/uploads\/2025\/10\/asli-768x1152.jpg 768w, https:\/\/schnabelmachine.com\/wp-content\/uploads\/2025\/10\/asli-1024x1536.jpg 1024w, https:\/\/schnabelmachine.com\/wp-content\/uploads\/2025\/10\/asli-1365x2048.jpg 1365w, https:\/\/schnabelmachine.com\/wp-content\/uploads\/2025\/10\/asli-179x268.jpg 179w, https:\/\/schnabelmachine.com\/wp-content\/uploads\/2025\/10\/asli-1120x1680.jpg 1120w\" sizes=\"(max-width: 1707px) 100vw, 1707px\" \/><\/figure><div class=\"elementor-image-box-content\"><h3 class=\"elementor-image-box-title\">Asl\u0131han Hastao\u011flu<\/h3><p class=\"elementor-image-box-description\">Administrative Assistant<\/p><\/div><\/div>\t\t\t\t<\/div>\n\t\t\t\t<\/div>\n\t\t<div data-particle_enable=\"false\" data-particle-mobile-disabled=\"false\" class=\"elementor-element elementor-element-524a8701 e-con-full e-flex elementor-invisible e-con e-child\" data-id=\"524a8701\" data-element_type=\"container\" data-settings=\"{&quot;background_background&quot;:&quot;classic&quot;,&quot;animation&quot;:&quot;fadeInRight&quot;}\">\n\t\t\t\t<div class=\"elementor-element elementor-element-60883e8e elementor-position-top elementor-widget elementor-widget-image-box\" data-id=\"60883e8e\" data-element_type=\"widget\" data-widget_type=\"image-box.default\">\n\t\t\t\t\t<div class=\"elementor-image-box-wrapper\"><figure class=\"elementor-image-box-img\"><img decoding=\"async\" width=\"1707\" height=\"2560\" src=\"https:\/\/schnabelmachine.com\/wp-content\/uploads\/2025\/10\/BERAT-scaled.jpg\" class=\"attachment-full size-full wp-image-1300\" alt=\"\" srcset=\"https:\/\/schnabelmachine.com\/wp-content\/uploads\/2025\/10\/BERAT-scaled.jpg 1707w, https:\/\/schnabelmachine.com\/wp-content\/uploads\/2025\/10\/BERAT-200x300.jpg 200w, https:\/\/schnabelmachine.com\/wp-content\/uploads\/2025\/10\/BERAT-683x1024.jpg 683w, https:\/\/schnabelmachine.com\/wp-content\/uploads\/2025\/10\/BERAT-768x1152.jpg 768w, https:\/\/schnabelmachine.com\/wp-content\/uploads\/2025\/10\/BERAT-1024x1536.jpg 1024w, https:\/\/schnabelmachine.com\/wp-content\/uploads\/2025\/10\/BERAT-1365x2048.jpg 1365w, https:\/\/schnabelmachine.com\/wp-content\/uploads\/2025\/10\/BERAT-179x268.jpg 179w, https:\/\/schnabelmachine.com\/wp-content\/uploads\/2025\/10\/BERAT-1120x1680.jpg 1120w\" sizes=\"(max-width: 1707px) 100vw, 1707px\" \/><\/figure><div class=\"elementor-image-box-content\"><h3 class=\"elementor-image-box-title\">Berat K\u0131z\u0131lkaya<\/h3><p class=\"elementor-image-box-description\">Technical Documentation Officer<\/p><\/div><\/div>\t\t\t\t<\/div>\n\t\t\t\t<\/div>\n\t\t\t\t<\/div>\n\t\t<div data-particle_enable=\"false\" data-particle-mobile-disabled=\"false\" class=\"elementor-element elementor-element-6d23ddcf e-con-full e-flex e-con e-child\" data-id=\"6d23ddcf\" data-element_type=\"container\">\n\t\t<div data-particle_enable=\"false\" data-particle-mobile-disabled=\"false\" class=\"elementor-element elementor-element-2b4c819c e-con-full e-flex elementor-invisible e-con e-child\" data-id=\"2b4c819c\" data-element_type=\"container\" data-settings=\"{&quot;background_background&quot;:&quot;classic&quot;,&quot;animation&quot;:&quot;fadeInLeft&quot;}\">\n\t\t\t\t<div class=\"elementor-element elementor-element-6b84e45a elementor-position-top elementor-widget elementor-widget-image-box\" data-id=\"6b84e45a\" data-element_type=\"widget\" data-widget_type=\"image-box.default\">\n\t\t\t\t\t<div class=\"elementor-image-box-wrapper\"><figure class=\"elementor-image-box-img\"><img loading=\"lazy\" decoding=\"async\" width=\"1707\" height=\"2560\" src=\"https:\/\/schnabelmachine.com\/wp-content\/uploads\/2025\/10\/Kagan-scaled.jpg\" class=\"attachment-full size-full wp-image-1301\" alt=\"\" srcset=\"https:\/\/schnabelmachine.com\/wp-content\/uploads\/2025\/10\/Kagan-scaled.jpg 1707w, https:\/\/schnabelmachine.com\/wp-content\/uploads\/2025\/10\/Kagan-200x300.jpg 200w, https:\/\/schnabelmachine.com\/wp-content\/uploads\/2025\/10\/Kagan-683x1024.jpg 683w, https:\/\/schnabelmachine.com\/wp-content\/uploads\/2025\/10\/Kagan-768x1152.jpg 768w, https:\/\/schnabelmachine.com\/wp-content\/uploads\/2025\/10\/Kagan-1024x1536.jpg 1024w, https:\/\/schnabelmachine.com\/wp-content\/uploads\/2025\/10\/Kagan-1365x2048.jpg 1365w, https:\/\/schnabelmachine.com\/wp-content\/uploads\/2025\/10\/Kagan-179x268.jpg 179w, https:\/\/schnabelmachine.com\/wp-content\/uploads\/2025\/10\/Kagan-1120x1680.jpg 1120w\" sizes=\"(max-width: 1707px) 100vw, 1707px\" \/><\/figure><div class=\"elementor-image-box-content\"><h3 class=\"elementor-image-box-title\">Kaan Peakacar<\/h3><p class=\"elementor-image-box-description\">Maintenance Supervisor<\/p><\/div><\/div>\t\t\t\t<\/div>\n\t\t\t\t<\/div>\n\t\t<div data-particle_enable=\"false\" data-particle-mobile-disabled=\"false\" class=\"elementor-element elementor-element-b36151a e-con-full e-flex elementor-invisible e-con e-child\" data-id=\"b36151a\" data-element_type=\"container\" data-settings=\"{&quot;background_background&quot;:&quot;classic&quot;,&quot;animation&quot;:&quot;fadeIn&quot;}\">\n\t\t\t\t<div class=\"elementor-element elementor-element-42205799 elementor-position-top elementor-widget elementor-widget-image-box\" data-id=\"42205799\" data-element_type=\"widget\" data-widget_type=\"image-box.default\">\n\t\t\t\t\t<div class=\"elementor-image-box-wrapper\"><figure class=\"elementor-image-box-img\"><img loading=\"lazy\" decoding=\"async\" width=\"1707\" height=\"2560\" src=\"https:\/\/schnabelmachine.com\/wp-content\/uploads\/2025\/10\/Yunus-Cakmak-scaled.jpg\" class=\"attachment-full size-full wp-image-1303\" alt=\"\" srcset=\"https:\/\/schnabelmachine.com\/wp-content\/uploads\/2025\/10\/Yunus-Cakmak-scaled.jpg 1707w, https:\/\/schnabelmachine.com\/wp-content\/uploads\/2025\/10\/Yunus-Cakmak-200x300.jpg 200w, https:\/\/schnabelmachine.com\/wp-content\/uploads\/2025\/10\/Yunus-Cakmak-683x1024.jpg 683w, https:\/\/schnabelmachine.com\/wp-content\/uploads\/2025\/10\/Yunus-Cakmak-768x1152.jpg 768w, https:\/\/schnabelmachine.com\/wp-content\/uploads\/2025\/10\/Yunus-Cakmak-1024x1536.jpg 1024w, https:\/\/schnabelmachine.com\/wp-content\/uploads\/2025\/10\/Yunus-Cakmak-1365x2048.jpg 1365w, https:\/\/schnabelmachine.com\/wp-content\/uploads\/2025\/10\/Yunus-Cakmak-179x268.jpg 179w, https:\/\/schnabelmachine.com\/wp-content\/uploads\/2025\/10\/Yunus-Cakmak-1120x1680.jpg 1120w\" sizes=\"(max-width: 1707px) 100vw, 1707px\" \/><\/figure><div class=\"elementor-image-box-content\"><h3 class=\"elementor-image-box-title\">Yunus \u00c7akmak<\/h3><p class=\"elementor-image-box-description\">Executive Advisor<\/p><\/div><\/div>\t\t\t\t<\/div>\n\t\t\t\t<\/div>\n\t\t<div data-particle_enable=\"false\" data-particle-mobile-disabled=\"false\" class=\"elementor-element elementor-element-575466fb e-con-full e-flex elementor-invisible e-con e-child\" data-id=\"575466fb\" data-element_type=\"container\" data-settings=\"{&quot;background_background&quot;:&quot;classic&quot;,&quot;animation&quot;:&quot;fadeInRight&quot;}\">\n\t\t\t\t<div class=\"elementor-element elementor-element-2108ac6a elementor-position-top elementor-widget elementor-widget-image-box\" data-id=\"2108ac6a\" data-element_type=\"widget\" data-widget_type=\"image-box.default\">\n\t\t\t\t\t<div class=\"elementor-image-box-wrapper\"><figure class=\"elementor-image-box-img\"><img loading=\"lazy\" decoding=\"async\" width=\"1707\" height=\"2560\" src=\"https:\/\/schnabelmachine.com\/wp-content\/uploads\/2025\/10\/Bener-scaled.jpg\" class=\"attachment-full size-full wp-image-1297\" alt=\"\" srcset=\"https:\/\/schnabelmachine.com\/wp-content\/uploads\/2025\/10\/Bener-scaled.jpg 1707w, https:\/\/schnabelmachine.com\/wp-content\/uploads\/2025\/10\/Bener-200x300.jpg 200w, https:\/\/schnabelmachine.com\/wp-content\/uploads\/2025\/10\/Bener-683x1024.jpg 683w, https:\/\/schnabelmachine.com\/wp-content\/uploads\/2025\/10\/Bener-768x1152.jpg 768w, https:\/\/schnabelmachine.com\/wp-content\/uploads\/2025\/10\/Bener-1024x1536.jpg 1024w, https:\/\/schnabelmachine.com\/wp-content\/uploads\/2025\/10\/Bener-1365x2048.jpg 1365w, https:\/\/schnabelmachine.com\/wp-content\/uploads\/2025\/10\/Bener-179x268.jpg 179w, https:\/\/schnabelmachine.com\/wp-content\/uploads\/2025\/10\/Bener-1120x1680.jpg 1120w\" sizes=\"(max-width: 1707px) 100vw, 1707px\" \/><\/figure><div class=\"elementor-image-box-content\"><h3 class=\"elementor-image-box-title\">Bener \u00c7etinkaya<\/h3><p class=\"elementor-image-box-description\"><font color=\"#000000\">Supply Chain Coordinator<\/font><\/p><\/div><\/div>\t\t\t\t<\/div>\n\t\t\t\t<\/div>\n\t\t\t\t<\/div>\n\t\t\t\t<\/div>\n\t\t\t\t<\/div>\n\t\t","protected":false},"excerpt":{"rendered":"<p>Tak\u0131m\u0131m\u0131z Smart Engineering for a Connected Future Emin Pehlivan Designer Coordinator Asl\u0131han Hastao\u011flu Administrative Assistant Berat K\u0131z\u0131lkaya Technical Documentation Officer Kaan Peakacar Maintenance Supervisor [&hellip;]<\/p>\n","protected":false},"author":1,"featured_media":0,"parent":0,"menu_order":0,"comment_status":"closed","ping_status":"closed","template":"","meta":{"_acf_changed":false,"footnotes":""},"class_list":["post-574","page","type-page","status-publish","hentry"],"acf":{"full_width":false,"header_transparent":false,"header_white":false},"_links":{"self":[{"href":"https:\/\/schnabelmachine.com\/index.php\/wp-json\/wp\/v2\/pages\/574","targetHints":{"allow":["GET"]}}],"collection":[{"href":"https:\/\/schnabelmachine.com\/index.php\/wp-json\/wp\/v2\/pages"}],"about":[{"href":"https:\/\/schnabelmachine.com\/index.php\/wp-json\/wp\/v2\/types\/page"}],"author":[{"embeddable":true,"href":"https:\/\/schnabelmachine.com\/index.php\/wp-json\/wp\/v2\/users\/1"}],"replies":[{"embeddable":true,"href":"https:\/\/schnabelmachine.com\/index.php\/wp-json\/wp\/v2\/comments?post=574"}],"version-history":[{"count":40,"href":"https:\/\/schnabelmachine.com\/index.php\/wp-json\/wp\/v2\/pages\/574\/revisions"}],"predecessor-version":[{"id":1311,"href":"https:\/\/schnabelmachine.com\/index.php\/wp-json\/wp\/v2\/pages\/574\/revisions\/1311"}],"wp:attachment":[{"href":"https:\/\/schnabelmachine.com\/index.php\/wp-json\/wp\/v2\/media?parent=574"}],"curies":[{"name":"wp","href":"https:\/\/api.w.org\/{rel}","templated":true}]}}