{"id":1315,"date":"2025-10-20T20:25:25","date_gmt":"2025-10-20T17:25:25","guid":{"rendered":"https:\/\/schnabelmachine.com\/?page_id=1315"},"modified":"2025-10-20T21:05:30","modified_gmt":"2025-10-20T18:05:30","slug":"schnabel-makine-telif-formu","status":"publish","type":"page","link":"https:\/\/schnabelmachine.com\/index.php\/schnabel-makine-telif-formu\/","title":{"rendered":"Telif Formu"},"content":{"rendered":"\t\t<div data-elementor-type=\"wp-page\" data-elementor-id=\"1315\" class=\"elementor elementor-1315\" data-elementor-post-type=\"page\">\n\t\t\t\t<div data-particle_enable=\"false\" data-particle-mobile-disabled=\"false\" class=\"elementor-element elementor-element-45a02de e-con-full e-flex e-con e-parent\" data-id=\"45a02de\" data-element_type=\"container\">\n\t\t\t\t<div class=\"elementor-element elementor-element-a0c250d eael-wpforms-labels-yes eael-wpforms-form-button-custom elementor-widget elementor-widget-eael-wpforms\" data-id=\"a0c250d\" data-element_type=\"widget\" data-widget_type=\"eael-wpforms.default\">\n\t\t\t\t\t            <div class=\"eael-contact-form eael-wpforms eael-wpforms-align-default\">\n                                <div class=\"wpforms-container wpforms-container-full wpforms-render-modern\" id=\"wpforms-1313\"><form id=\"wpforms-form-1313\" class=\"wpforms-validate wpforms-form wpforms-ajax-form\" data-formid=\"1313\" method=\"post\" enctype=\"multipart\/form-data\" action=\"\/index.php\/wp-json\/wp\/v2\/pages\/1315\" data-token=\"2a1394a9db7d561a96148174bcc4fd64\" data-token-time=\"1777457031\"><div class=\"wpforms-head-container\"><div class=\"wpforms-title\">Schnabel Makine Teklif Formu<\/div><\/div><noscript class=\"wpforms-error-noscript\">Bu formu bitirebilmek i\u00e7in taray\u0131c\u0131n\u0131zda JavaScript&#039;i etkinle\u015ftirin.<\/noscript><div id=\"wpforms-error-noscript\" style=\"display: none;\">Bu formu bitirebilmek i\u00e7in taray\u0131c\u0131n\u0131zda JavaScript&#039;i etkinle\u015ftirin.<\/div><div class=\"wpforms-field-container\"><div id=\"wpforms-1313-field_19-container\" class=\"wpforms-field wpforms-field-radio grid-template-columns repeat4 auto wpforms-list-inline\" data-field-id=\"19\"><fieldset><legend class=\"wpforms-field-label\">Makine Tipi (Hacim Se\u00e7imi)<\/legend><ul id=\"wpforms-1313-field_19\" class=\"wpforms-image-choices wpforms-image-choices-modern\"><li class=\"choice-1 depth-1 wpforms-image-choices-item\"><label class=\"wpforms-field-label-inline\" for=\"wpforms-1313-field_19_1\" tabindex=\"0\"><span class=\"wpforms-image-choices-image\"><img decoding=\"async\" src=\"https:\/\/schnabelmachine.com\/wp-content\/uploads\/2025\/10\/100000222-1.png\" alt=\"K\u00fc\u00e7\u00fck (5 m\u00b3)\" title=\"K\u00fc\u00e7\u00fck (5 m\u00b3)\"><\/span><input type=\"radio\" id=\"wpforms-1313-field_19_1\" class=\"wpforms-screen-reader-element\" name=\"wpforms[fields][19]\" value=\"K\u00fc\u00e7\u00fck (5 m\u00b3)\" aria-errormessage=\"wpforms-1313-field_19_1-error\" tabindex=\"-1\"  ><span class=\"wpforms-image-choices-label\">K\u00fc\u00e7\u00fck (5 m\u00b3)<\/span><\/label><\/li><li class=\"choice-2 depth-1 wpforms-image-choices-item\"><label class=\"wpforms-field-label-inline\" for=\"wpforms-1313-field_19_2\" tabindex=\"0\"><span class=\"wpforms-image-choices-image\"><img decoding=\"async\" src=\"https:\/\/schnabelmachine.com\/wp-content\/uploads\/2025\/10\/10002-1.png\" alt=\"Orta (10 m\u00b3)\" title=\"Orta (10 m\u00b3)\"><\/span><input type=\"radio\" id=\"wpforms-1313-field_19_2\" class=\"wpforms-screen-reader-element\" name=\"wpforms[fields][19]\" value=\"Orta (10 m\u00b3)\" aria-errormessage=\"wpforms-1313-field_19_2-error\" tabindex=\"-1\"  ><span class=\"wpforms-image-choices-label\">Orta (10 m\u00b3)<\/span><\/label><\/li><li class=\"choice-3 depth-1 wpforms-image-choices-item\"><label class=\"wpforms-field-label-inline\" for=\"wpforms-1313-field_19_3\" tabindex=\"0\"><span class=\"wpforms-image-choices-image\"><img decoding=\"async\" src=\"https:\/\/schnabelmachine.com\/wp-content\/uploads\/2025\/10\/15555222-1.png\" alt=\"B\u00fcy\u00fck (15 m\u00b3)\" title=\"B\u00fcy\u00fck (15 m\u00b3)\"><\/span><input type=\"radio\" id=\"wpforms-1313-field_19_3\" class=\"wpforms-screen-reader-element\" name=\"wpforms[fields][19]\" value=\"B\u00fcy\u00fck (15 m\u00b3)\" aria-errormessage=\"wpforms-1313-field_19_3-error\" tabindex=\"-1\"  ><span class=\"wpforms-image-choices-label\">B\u00fcy\u00fck (15 m\u00b3)<\/span><\/label><\/li><li class=\"choice-4 depth-1 wpforms-image-choices-item\"><label class=\"wpforms-field-label-inline\" for=\"wpforms-1313-field_19_4\" tabindex=\"0\"><span class=\"wpforms-image-choices-image\"><img decoding=\"async\" src=\"https:\/\/schnabelmachine.com\/wp-content\/uploads\/2025\/10\/20002-1.png\" alt=\"B\u00fcy\u00fck Plus (20 m\u00b3)\" title=\"B\u00fcy\u00fck Plus (20 m\u00b3)\"><\/span><input type=\"radio\" id=\"wpforms-1313-field_19_4\" class=\"wpforms-screen-reader-element\" name=\"wpforms[fields][19]\" value=\"B\u00fcy\u00fck Plus (20 m\u00b3)\" aria-errormessage=\"wpforms-1313-field_19_4-error\" tabindex=\"-1\"  ><span class=\"wpforms-image-choices-label\">B\u00fcy\u00fck Plus (20 m\u00b3)<\/span><\/label><\/li><\/ul><\/fieldset><\/div><div id=\"wpforms-1313-field_22-container\" class=\"wpforms-field wpforms-field-radio wpforms-list-inline\" data-field-id=\"22\"><fieldset><legend class=\"wpforms-field-label\">Silo Tipi (Hacim Se\u00e7imi)<\/legend><ul id=\"wpforms-1313-field_22\" class=\"wpforms-image-choices wpforms-image-choices-modern\"><li class=\"choice-1 depth-1 wpforms-image-choices-item\"><label class=\"wpforms-field-label-inline\" for=\"wpforms-1313-field_22_1\" tabindex=\"0\"><span class=\"wpforms-image-choices-image\"><img decoding=\"async\" src=\"https:\/\/schnabelmachine.com\/wp-content\/uploads\/2025\/10\/52-1.png\" alt=\"K\u00fc\u00e7\u00fck (5 m\u00b3)\" title=\"K\u00fc\u00e7\u00fck (5 m\u00b3)\"><\/span><input type=\"radio\" id=\"wpforms-1313-field_22_1\" class=\"wpforms-screen-reader-element\" name=\"wpforms[fields][22]\" value=\"K\u00fc\u00e7\u00fck (5 m\u00b3)\" aria-errormessage=\"wpforms-1313-field_22_1-error\" tabindex=\"-1\"  ><span class=\"wpforms-image-choices-label\">K\u00fc\u00e7\u00fck (5 m\u00b3)<\/span><\/label><\/li><li class=\"choice-2 depth-1 wpforms-image-choices-item\"><label class=\"wpforms-field-label-inline\" for=\"wpforms-1313-field_22_2\" tabindex=\"0\"><span class=\"wpforms-image-choices-image\"><img decoding=\"async\" src=\"https:\/\/schnabelmachine.com\/wp-content\/uploads\/2025\/10\/102-1.png\" alt=\"Orta (10 m\u00b3)\" title=\"Orta (10 m\u00b3)\"><\/span><input type=\"radio\" id=\"wpforms-1313-field_22_2\" class=\"wpforms-screen-reader-element\" name=\"wpforms[fields][22]\" value=\"Orta (10 m\u00b3)\" aria-errormessage=\"wpforms-1313-field_22_2-error\" tabindex=\"-1\"  ><span class=\"wpforms-image-choices-label\">Orta (10 m\u00b3)<\/span><\/label><\/li><li class=\"choice-3 depth-1 wpforms-image-choices-item\"><label class=\"wpforms-field-label-inline\" for=\"wpforms-1313-field_22_3\" tabindex=\"0\"><span class=\"wpforms-image-choices-image\"><img decoding=\"async\" src=\"https:\/\/schnabelmachine.com\/wp-content\/uploads\/2025\/10\/1522.png\" alt=\"B\u00fcy\u00fck (15 m\u00b3)\" title=\"B\u00fcy\u00fck (15 m\u00b3)\"><\/span><input type=\"radio\" id=\"wpforms-1313-field_22_3\" class=\"wpforms-screen-reader-element\" name=\"wpforms[fields][22]\" value=\"B\u00fcy\u00fck (15 m\u00b3)\" aria-errormessage=\"wpforms-1313-field_22_3-error\" tabindex=\"-1\"  ><span class=\"wpforms-image-choices-label\">B\u00fcy\u00fck (15 m\u00b3)<\/span><\/label><\/li><li class=\"choice-4 depth-1 wpforms-image-choices-item\"><label class=\"wpforms-field-label-inline\" for=\"wpforms-1313-field_22_4\" tabindex=\"0\"><span class=\"wpforms-image-choices-image\"><img decoding=\"async\" src=\"https:\/\/schnabelmachine.com\/wp-content\/uploads\/2025\/10\/202-1.png\" alt=\"B\u00fcy\u00fck Plus (20 m\u00b3)\" title=\"B\u00fcy\u00fck Plus (20 m\u00b3)\"><\/span><input type=\"radio\" id=\"wpforms-1313-field_22_4\" class=\"wpforms-screen-reader-element\" name=\"wpforms[fields][22]\" value=\"B\u00fcy\u00fck Plus (20 m\u00b3)\" aria-errormessage=\"wpforms-1313-field_22_4-error\" tabindex=\"-1\"  ><span class=\"wpforms-image-choices-label\">B\u00fcy\u00fck Plus (20 m\u00b3)<\/span><\/label><\/li><\/ul><\/fieldset><\/div><div id=\"wpforms-1313-field_6-container\" class=\"wpforms-field wpforms-field-number\" data-field-id=\"6\"><label class=\"wpforms-field-label\" for=\"wpforms-1313-field_6\">Makine ile Silo Aras\u0131ndaki Uzakl\u0131k (metre) <span class=\"wpforms-required-label\" aria-hidden=\"true\">*<\/span><\/label><input type=\"number\" id=\"wpforms-1313-field_6\" class=\"wpforms-field-medium wpforms-field-required\" name=\"wpforms[fields][6]\" step=\"any\" aria-errormessage=\"wpforms-1313-field_6-error\" required><\/div><div id=\"wpforms-1313-field_8-container\" class=\"wpforms-field wpforms-field-select wpforms-field-select-style-classic\" data-field-id=\"8\"><label class=\"wpforms-field-label\" for=\"wpforms-1313-field_8\">Montaj Lokasyonu Se\u00e7imi <span class=\"wpforms-required-label\" aria-hidden=\"true\">*<\/span><\/label><select id=\"wpforms-1313-field_8\" class=\"wpforms-field-medium wpforms-field-required\" name=\"wpforms[fields][8]\" required=\"required\"><option value=\"\u0130\u00e7 Mekan\"  class=\"choice-1 depth-1\"  >\u0130\u00e7 Mekan<\/option><option value=\"D\u0131\u015f Mekan\"  class=\"choice-2 depth-1\"  >D\u0131\u015f Mekan<\/option><\/select><\/div><div id=\"wpforms-1313-field_12-container\" class=\"wpforms-field wpforms-field-name\" data-field-id=\"12\"><fieldset><legend class=\"wpforms-field-label\">Ad Soyad <span class=\"wpforms-required-label\" aria-hidden=\"true\">*<\/span><\/legend><div class=\"wpforms-field-row wpforms-field-medium\"><div class=\"wpforms-field-row-block wpforms-first wpforms-one-half\"><input type=\"text\" id=\"wpforms-1313-field_12\" class=\"wpforms-field-name-first wpforms-field-required\" name=\"wpforms[fields][12][first]\" aria-errormessage=\"wpforms-1313-field_12-error\" required><label for=\"wpforms-1313-field_12\" class=\"wpforms-field-sublabel after\">Ad<\/label><\/div><div class=\"wpforms-field-row-block wpforms-one-half\"><input type=\"text\" id=\"wpforms-1313-field_12-last\" class=\"wpforms-field-name-last wpforms-field-required\" name=\"wpforms[fields][12][last]\" aria-errormessage=\"wpforms-1313-field_12-last-error\" required><label for=\"wpforms-1313-field_12-last\" class=\"wpforms-field-sublabel after\">Soyad<\/label><\/div><\/div><\/fieldset><\/div><div id=\"wpforms-1313-field_14-container\" class=\"wpforms-field wpforms-field-email\" data-field-id=\"14\"><label class=\"wpforms-field-label\" for=\"wpforms-1313-field_14\">E-posta Adresi <span class=\"wpforms-required-label\" aria-hidden=\"true\">*<\/span><\/label><input type=\"email\" id=\"wpforms-1313-field_14\" class=\"wpforms-field-medium wpforms-field-required\" name=\"wpforms[fields][14]\" spellcheck=\"false\" aria-errormessage=\"wpforms-1313-field_14-error\" required><\/div>\t\t<div id=\"wpforms-1313-field_1-container\"\n\t\t\tclass=\"wpforms-field wpforms-field-text\"\n\t\t\tdata-field-type=\"text\"\n\t\t\tdata-field-id=\"1\"\n\t\t\t>\n\t\t\t<label class=\"wpforms-field-label\" for=\"wpforms-1313-field_1\" >Makine Adresi Soyad<\/label>\n\t\t\t<input type=\"text\" id=\"wpforms-1313-field_1\" class=\"wpforms-field-medium\" name=\"wpforms[fields][1]\" >\n\t\t<\/div>\n\t\t<div id=\"wpforms-1313-field_15-container\" class=\"wpforms-field wpforms-field-textarea\" data-field-id=\"15\"><label class=\"wpforms-field-label\" for=\"wpforms-1313-field_15\">Telefon ve A\u00e7\u0131k Adres <span class=\"wpforms-required-label\" aria-hidden=\"true\">*<\/span><\/label><textarea id=\"wpforms-1313-field_15\" class=\"wpforms-field-medium wpforms-field-required\" name=\"wpforms[fields][15]\" aria-errormessage=\"wpforms-1313-field_15-error\" required><\/textarea><\/div><div id=\"wpforms-1313-field_16-container\" class=\"wpforms-field wpforms-field-text\" data-field-id=\"16\"><label class=\"wpforms-field-label\" for=\"wpforms-1313-field_16\">Firma Bilgileri <span class=\"wpforms-required-label\" aria-hidden=\"true\">*<\/span><\/label><input type=\"text\" id=\"wpforms-1313-field_16\" class=\"wpforms-field-medium wpforms-field-required\" name=\"wpforms[fields][16]\" aria-errormessage=\"wpforms-1313-field_16-error\" required><\/div><div id=\"wpforms-1313-field_17-container\" class=\"wpforms-field wpforms-field-text\" data-field-id=\"17\"><label class=\"wpforms-field-label\" for=\"wpforms-1313-field_17\">Vergi Numaras\u0131 <span class=\"wpforms-required-label\" aria-hidden=\"true\">*<\/span><\/label><input type=\"text\" id=\"wpforms-1313-field_17\" class=\"wpforms-field-medium wpforms-field-required\" name=\"wpforms[fields][17]\" aria-errormessage=\"wpforms-1313-field_17-error\" required><\/div><script>\n\t\t\t\t( function() {\n\t\t\t\t\tconst style = document.createElement( 'style' );\n\t\t\t\t\tstyle.appendChild( document.createTextNode( '#wpforms-1313-field_1-container { position: absolute !important; overflow: hidden !important; display: inline !important; height: 1px !important; width: 1px !important; z-index: -1000 !important; padding: 0 !important; } #wpforms-1313-field_1-container input { visibility: hidden; } #wpforms-conversational-form-page #wpforms-1313-field_1-container label { counter-increment: none; }' ) );\n\t\t\t\t\tdocument.head.appendChild( style );\n\t\t\t\t\tdocument.currentScript?.remove();\n\t\t\t\t} )();\n\t\t\t<\/script><\/div><!-- .wpforms-field-container --><div class=\"wpforms-submit-container\" ><input type=\"hidden\" name=\"wpforms[id]\" value=\"1313\"><input type=\"hidden\" name=\"page_title\" value=\"\"><input type=\"hidden\" name=\"page_url\" value=\"https:\/\/schnabelmachine.com\/index.php\/wp-json\/wp\/v2\/pages\/1315\"><input type=\"hidden\" name=\"url_referer\" value=\"\"><button type=\"submit\" name=\"wpforms[submit]\" id=\"wpforms-submit-1313\" class=\"wpforms-submit\" data-alt-text=\"G\u00f6nderiliyor...\" data-submit-text=\"Teklif Al\" aria-live=\"assertive\" value=\"wpforms-submit\">Teklif Al<\/button><img decoding=\"async\" src=\"https:\/\/schnabelmachine.com\/wp-content\/plugins\/wpforms-lite\/assets\/images\/submit-spin.svg\" class=\"wpforms-submit-spinner\" style=\"display: none;\" width=\"26\" height=\"26\" alt=\"Y\u00fckleniyor\"><\/div><\/form><\/div>  <!-- .wpforms-container -->            <\/div>\n\t\t\t\t<\/div>\n\t\t\t\t<\/div>\n\t\t\t\t<\/div>\n\t\t","protected":false},"excerpt":{"rendered":"<p>Schnabel Makine Teklif FormuBu formu bitirebilmek i\u00e7in taray\u0131c\u0131n\u0131zda JavaScript&#039;i etkinle\u015ftirin.Bu formu bitirebilmek i\u00e7in taray\u0131c\u0131n\u0131zda JavaScript&#039;i etkinle\u015ftirin. Makine Tipi (Hacim Se\u00e7imi) K\u00fc\u00e7\u00fck (5 m\u00b3) Orta [&hellip;]<\/p>\n","protected":false},"author":1,"featured_media":729,"parent":0,"menu_order":0,"comment_status":"closed","ping_status":"closed","template":"","meta":{"_acf_changed":false,"footnotes":""},"class_list":["post-1315","page","type-page","status-publish","has-post-thumbnail","hentry"],"acf":{"full_width":false,"header_transparent":false,"header_white":false},"_links":{"self":[{"href":"https:\/\/schnabelmachine.com\/index.php\/wp-json\/wp\/v2\/pages\/1315","targetHints":{"allow":["GET"]}}],"collection":[{"href":"https:\/\/schnabelmachine.com\/index.php\/wp-json\/wp\/v2\/pages"}],"about":[{"href":"https:\/\/schnabelmachine.com\/index.php\/wp-json\/wp\/v2\/types\/page"}],"author":[{"embeddable":true,"href":"https:\/\/schnabelmachine.com\/index.php\/wp-json\/wp\/v2\/users\/1"}],"replies":[{"embeddable":true,"href":"https:\/\/schnabelmachine.com\/index.php\/wp-json\/wp\/v2\/comments?post=1315"}],"version-history":[{"count":16,"href":"https:\/\/schnabelmachine.com\/index.php\/wp-json\/wp\/v2\/pages\/1315\/revisions"}],"predecessor-version":[{"id":1349,"href":"https:\/\/schnabelmachine.com\/index.php\/wp-json\/wp\/v2\/pages\/1315\/revisions\/1349"}],"wp:featuredmedia":[{"embeddable":true,"href":"https:\/\/schnabelmachine.com\/index.php\/wp-json\/wp\/v2\/media\/729"}],"wp:attachment":[{"href":"https:\/\/schnabelmachine.com\/index.php\/wp-json\/wp\/v2\/media?parent=1315"}],"curies":[{"name":"wp","href":"https:\/\/api.w.org\/{rel}","templated":true}]}}