{"id":10,"date":"2025-08-04T13:34:59","date_gmt":"2025-08-04T10:34:59","guid":{"rendered":"https:\/\/schnabelmachine.com\/?page_id=10"},"modified":"2025-08-15T10:00:25","modified_gmt":"2025-08-15T07:00:25","slug":"vizyon-ve-misyonumuz","status":"publish","type":"page","link":"https:\/\/schnabelmachine.com\/index.php\/vizyon-ve-misyonumuz\/","title":{"rendered":"Vizyon ve Misyonumuz"},"content":{"rendered":"\t\t<div data-elementor-type=\"wp-post\" data-elementor-id=\"10\" class=\"elementor elementor-10\" data-elementor-post-type=\"page\">\n\t\t\t\t\t\t<section data-particle_enable=\"false\" data-particle-mobile-disabled=\"false\" class=\"elementor-section elementor-top-section elementor-element elementor-element-5d6936d elementor-section-content-middle elementor-section-full_width elementor-section-height-min-height elementor-section-items-stretch elementor-section-height-default\" data-id=\"5d6936d\" data-element_type=\"section\">\n\t\t\t\t\t\t<div class=\"elementor-container elementor-column-gap-no\">\n\t\t\t\t\t<div class=\"elementor-column elementor-col-33 elementor-top-column elementor-element elementor-element-6ce80099 elementor-invisible\" data-id=\"6ce80099\" data-element_type=\"column\" data-settings=\"{&quot;background_background&quot;:&quot;classic&quot;,&quot;animation&quot;:&quot;fadeInLeft&quot;}\">\n\t\t\t<div class=\"elementor-widget-wrap elementor-element-populated\">\n\t\t\t\t\t\t<div class=\"elementor-element elementor-element-16ec7233 elementor-widget elementor-widget-spacer\" data-id=\"16ec7233\" data-element_type=\"widget\" data-widget_type=\"spacer.default\">\n\t\t\t\t\t\t\t<div class=\"elementor-spacer\">\n\t\t\t<div class=\"elementor-spacer-inner\"><\/div>\n\t\t<\/div>\n\t\t\t\t\t\t<\/div>\n\t\t\t\t\t<\/div>\n\t\t<\/div>\n\t\t\t\t<div class=\"elementor-column elementor-col-33 elementor-top-column elementor-element elementor-element-2476e557 elementor-invisible\" data-id=\"2476e557\" data-element_type=\"column\" data-settings=\"{&quot;animation&quot;:&quot;fadeInRight&quot;}\">\n\t\t\t<div class=\"elementor-widget-wrap elementor-element-populated\">\n\t\t\t\t\t<div class=\"elementor-background-overlay\"><\/div>\n\t\t\t\t\t\t<div class=\"elementor-element elementor-element-29819628 elementor-widget elementor-widget-heading\" data-id=\"29819628\" data-element_type=\"widget\" data-widget_type=\"heading.default\">\n\t\t\t\t\t<h2 class=\"elementor-heading-title elementor-size-default\">Vizyonumuz<\/h2>\t\t\t\t<\/div>\n\t\t\t\t<div class=\"elementor-element elementor-element-427e8298 elementor-widget-divider--view-line elementor-widget elementor-widget-divider\" data-id=\"427e8298\" data-element_type=\"widget\" data-widget_type=\"divider.default\">\n\t\t\t\t\t\t\t<div class=\"elementor-divider\">\n\t\t\t<span class=\"elementor-divider-separator\">\n\t\t\t\t\t\t<\/span>\n\t\t<\/div>\n\t\t\t\t\t\t<\/div>\n\t\t\t\t<div class=\"elementor-element elementor-element-554a2306 elementor-widget elementor-widget-text-editor\" data-id=\"554a2306\" data-element_type=\"widget\" data-widget_type=\"text-editor.default\">\n\t\t\t\t\t\t\t\t\tSchnabel olarak, yaln\u0131zca bug\u00fcn\u00fcn de\u011fil, yar\u0131n\u0131n kahve end\u00fcstrisine de y\u00f6n veren, ilham kayna\u011f\u0131 bir marka olmay\u0131 hedefliyoruz. Vizyonumuz; d\u00fcnya genelindeki kahve barlar\u0131, roaster\u2019lar ve zincirler i\u00e7in kavrulmu\u015f kahve \u00e7ekirde\u011fi transferinde en ileri teknolojiyi, \u00e7evre dostu ve kullan\u0131c\u0131 odakl\u0131 \u00e7\u00f6z\u00fcmlerle sekt\u00f6re sunmak. Schnabel sistemleri, operasyonel verimlili\u011fi en \u00fcst seviyeye \u00e7\u0131kar\u0131rken, tazelik, aroma ve hijyen standartlar\u0131nda sekt\u00f6r\u00fcn yeni standard\u0131 olmay\u0131 ama\u00e7l\u0131yor.\t\t\t\t\t\t\t\t<\/div>\n\t\t\t\t\t<\/div>\n\t\t<\/div>\n\t\t\t\t<div class=\"elementor-column elementor-col-33 elementor-top-column elementor-element elementor-element-596d31d2\" data-id=\"596d31d2\" data-element_type=\"column\" data-settings=\"{&quot;background_background&quot;:&quot;gradient&quot;}\">\n\t\t\t<div class=\"elementor-widget-wrap elementor-element-populated\">\n\t\t\t\t\t\t<div class=\"elementor-element elementor-element-2ddb14e0 elementor-widget__width-initial elementor-widget elementor-widget-spacer\" data-id=\"2ddb14e0\" data-element_type=\"widget\" data-widget_type=\"spacer.default\">\n\t\t\t\t\t\t\t<div class=\"elementor-spacer\">\n\t\t\t<div class=\"elementor-spacer-inner\"><\/div>\n\t\t<\/div>\n\t\t\t\t\t\t<\/div>\n\t\t\t\t\t<\/div>\n\t\t<\/div>\n\t\t\t\t\t<\/div>\n\t\t<\/section>\n\t\t\t\t<section data-particle_enable=\"false\" data-particle-mobile-disabled=\"false\" class=\"elementor-section elementor-top-section elementor-element elementor-element-42a90ba elementor-section-content-middle elementor-section-full_width elementor-section-height-min-height elementor-section-items-stretch elementor-reverse-mobile elementor-section-height-default\" data-id=\"42a90ba\" data-element_type=\"section\">\n\t\t\t\t\t\t<div class=\"elementor-container elementor-column-gap-no\">\n\t\t\t\t\t<div class=\"elementor-column elementor-col-33 elementor-top-column elementor-element elementor-element-5dfc40cc\" data-id=\"5dfc40cc\" data-element_type=\"column\" data-settings=\"{&quot;background_background&quot;:&quot;gradient&quot;}\">\n\t\t\t<div class=\"elementor-widget-wrap elementor-element-populated\">\n\t\t\t\t\t\t<div class=\"elementor-element elementor-element-2c4a4d83 elementor-widget elementor-widget-spacer\" data-id=\"2c4a4d83\" data-element_type=\"widget\" data-widget_type=\"spacer.default\">\n\t\t\t\t\t\t\t<div class=\"elementor-spacer\">\n\t\t\t<div class=\"elementor-spacer-inner\"><\/div>\n\t\t<\/div>\n\t\t\t\t\t\t<\/div>\n\t\t\t\t\t<\/div>\n\t\t<\/div>\n\t\t\t\t<div class=\"elementor-column elementor-col-33 elementor-top-column elementor-element elementor-element-1b193b69 elementor-invisible\" data-id=\"1b193b69\" data-element_type=\"column\" data-settings=\"{&quot;animation&quot;:&quot;fadeInLeft&quot;}\">\n\t\t\t<div class=\"elementor-widget-wrap elementor-element-populated\">\n\t\t\t\t\t<div class=\"elementor-background-overlay\"><\/div>\n\t\t\t\t\t\t<div class=\"elementor-element elementor-element-35bbf4b5 elementor-widget elementor-widget-heading\" data-id=\"35bbf4b5\" data-element_type=\"widget\" data-widget_type=\"heading.default\">\n\t\t\t\t\t<h2 class=\"elementor-heading-title elementor-size-default\">Misyonumuz<\/h2>\t\t\t\t<\/div>\n\t\t\t\t<div class=\"elementor-element elementor-element-5787340e elementor-widget-divider--view-line elementor-widget elementor-widget-divider\" data-id=\"5787340e\" data-element_type=\"widget\" data-widget_type=\"divider.default\">\n\t\t\t\t\t\t\t<div class=\"elementor-divider\">\n\t\t\t<span class=\"elementor-divider-separator\">\n\t\t\t\t\t\t<\/span>\n\t\t<\/div>\n\t\t\t\t\t\t<\/div>\n\t\t\t\t<div class=\"elementor-element elementor-element-304568a5 elementor-widget elementor-widget-text-editor\" data-id=\"304568a5\" data-element_type=\"widget\" data-widget_type=\"text-editor.default\">\n\t\t\t\t\t\t\t\t\t\u00dcr\u00fcnlerimizin en y\u00fcksek kalite ve g\u00fcvenlik standartlar\u0131nda \u00fcretilmesini sa\u011flamak, m\u00fc\u015fterilerimizin beklentilerini a\u015fan \u00e7\u00f6z\u00fcmler sunmak ve sat\u0131\u015f sonras\u0131 destekle s\u00fcrekli memnuniyetlerini garanti alt\u0131na almak. Makinemizin g\u0131da g\u00fcvenli\u011fi standartlar\u0131na uygunlu\u011funu sa\u011flamak temel \u00f6nceli\u011fimizdir.\t\t\t\t\t\t\t\t<\/div>\n\t\t\t\t\t<\/div>\n\t\t<\/div>\n\t\t\t\t<div class=\"elementor-column elementor-col-33 elementor-top-column elementor-element elementor-element-2815b0a6 elementor-invisible\" data-id=\"2815b0a6\" data-element_type=\"column\" data-settings=\"{&quot;background_background&quot;:&quot;classic&quot;,&quot;animation&quot;:&quot;fadeInRight&quot;}\">\n\t\t\t<div class=\"elementor-widget-wrap elementor-element-populated\">\n\t\t\t\t\t\t<div class=\"elementor-element elementor-element-34d772ee elementor-widget elementor-widget-spacer\" data-id=\"34d772ee\" data-element_type=\"widget\" data-widget_type=\"spacer.default\">\n\t\t\t\t\t\t\t<div class=\"elementor-spacer\">\n\t\t\t<div class=\"elementor-spacer-inner\"><\/div>\n\t\t<\/div>\n\t\t\t\t\t\t<\/div>\n\t\t\t\t\t<\/div>\n\t\t<\/div>\n\t\t\t\t\t<\/div>\n\t\t<\/section>\n\t\t\t\t<\/div>\n\t\t","protected":false},"excerpt":{"rendered":"<p>Vizyonumuz Schnabel olarak, yaln\u0131zca bug\u00fcn\u00fcn de\u011fil, yar\u0131n\u0131n kahve end\u00fcstrisine de y\u00f6n veren, ilham kayna\u011f\u0131 bir marka olmay\u0131 hedefliyoruz. Vizyonumuz; d\u00fcnya genelindeki kahve barlar\u0131, roaster\u2019lar [&hellip;]<\/p>\n","protected":false},"author":1,"featured_media":0,"parent":0,"menu_order":0,"comment_status":"closed","ping_status":"closed","template":"","meta":{"_acf_changed":false,"footnotes":""},"class_list":["post-10","page","type-page","status-publish","hentry"],"acf":{"full_width":false,"header_transparent":false,"header_white":false},"_links":{"self":[{"href":"https:\/\/schnabelmachine.com\/index.php\/wp-json\/wp\/v2\/pages\/10","targetHints":{"allow":["GET"]}}],"collection":[{"href":"https:\/\/schnabelmachine.com\/index.php\/wp-json\/wp\/v2\/pages"}],"about":[{"href":"https:\/\/schnabelmachine.com\/index.php\/wp-json\/wp\/v2\/types\/page"}],"author":[{"embeddable":true,"href":"https:\/\/schnabelmachine.com\/index.php\/wp-json\/wp\/v2\/users\/1"}],"replies":[{"embeddable":true,"href":"https:\/\/schnabelmachine.com\/index.php\/wp-json\/wp\/v2\/comments?post=10"}],"version-history":[{"count":49,"href":"https:\/\/schnabelmachine.com\/index.php\/wp-json\/wp\/v2\/pages\/10\/revisions"}],"predecessor-version":[{"id":1207,"href":"https:\/\/schnabelmachine.com\/index.php\/wp-json\/wp\/v2\/pages\/10\/revisions\/1207"}],"wp:attachment":[{"href":"https:\/\/schnabelmachine.com\/index.php\/wp-json\/wp\/v2\/media?parent=10"}],"curies":[{"name":"wp","href":"https:\/\/api.w.org\/{rel}","templated":true}]}}